{"id":3333,"date":"2025-11-11T12:10:47","date_gmt":"2025-11-11T12:10:47","guid":{"rendered":"https:\/\/romexstays.com\/events\/"},"modified":"2026-02-03T13:50:41","modified_gmt":"2026-02-03T13:50:41","slug":"events","status":"publish","type":"page","link":"https:\/\/romexstays.com\/de\/events\/","title":{"rendered":"Events"},"content":{"rendered":"\t\t<div data-elementor-type=\"wp-page\" data-elementor-id=\"3333\" class=\"elementor elementor-3333 elementor-698\" data-elementor-post-type=\"page\">\n\t\t\t\t<div class=\"elementor-element elementor-element-15811e4 e-flex e-con-boxed e-con e-parent\" data-id=\"15811e4\" data-element_type=\"container\" data-e-type=\"container\">\n\t\t\t\t\t<div class=\"e-con-inner\">\n\t\t\t\t<div class=\"elementor-element elementor-element-f4e2961 elementor-widget elementor-widget-heading\" data-id=\"f4e2961\" data-element_type=\"widget\" data-e-type=\"widget\" data-widget_type=\"heading.default\">\n\t\t\t\t\t<h1 class=\"elementor-heading-title elementor-size-default\">Events<\/h1>\t\t\t\t<\/div>\n\t\t\t\t<div class=\"elementor-element elementor-element-2bf41e6 elementor-grid-3 elementor-grid-tablet-2 elementor-grid-mobile-1 elementor-posts--thumbnail-top elementor-card-shadow-yes elementor-posts__hover-gradient elementor-widget elementor-widget-posts\" data-id=\"2bf41e6\" data-element_type=\"widget\" data-e-type=\"widget\" data-settings=\"{&quot;cards_columns&quot;:&quot;3&quot;,&quot;cards_columns_tablet&quot;:&quot;2&quot;,&quot;cards_columns_mobile&quot;:&quot;1&quot;,&quot;cards_row_gap&quot;:{&quot;unit&quot;:&quot;px&quot;,&quot;size&quot;:35,&quot;sizes&quot;:[]},&quot;cards_row_gap_tablet&quot;:{&quot;unit&quot;:&quot;px&quot;,&quot;size&quot;:&quot;&quot;,&quot;sizes&quot;:[]},&quot;cards_row_gap_mobile&quot;:{&quot;unit&quot;:&quot;px&quot;,&quot;size&quot;:&quot;&quot;,&quot;sizes&quot;:[]}}\" data-widget_type=\"posts.cards\">\n\t\t\t\t<div class=\"elementor-widget-container\">\n\t\t\t\t\t\t\t<div class=\"elementor-posts-container elementor-posts elementor-posts--skin-cards elementor-grid\" role=\"list\">\n\t\t\t\t<article class=\"elementor-post elementor-grid-item post-3237 events type-events status-publish has-post-thumbnail hentry\" role=\"listitem\">\n\t\t\t<div class=\"elementor-post__card\">\n\t\t\t\t<a class=\"elementor-post__thumbnail__link\" href=\"https:\/\/romexstays.com\/de\/events\/silvesterfeier-im-jakobwirt\/\" tabindex=\"-1\" ><div class=\"elementor-post__thumbnail\"><img fetchpriority=\"high\" decoding=\"async\" width=\"1024\" height=\"1536\" src=\"https:\/\/romexstays.com\/wp-content\/uploads\/2024\/02\/Hotel-Jakobwirt-new-year-1024x1536.jpg\" class=\"attachment-1536x1536 size-1536x1536 wp-image-3236\" alt=\"\" srcset=\"https:\/\/romexstays.com\/wp-content\/uploads\/2024\/02\/Hotel-Jakobwirt-new-year-1024x1536.jpg 1024w, https:\/\/romexstays.com\/wp-content\/uploads\/2024\/02\/Hotel-Jakobwirt-new-year-200x300.jpg 200w, https:\/\/romexstays.com\/wp-content\/uploads\/2024\/02\/Hotel-Jakobwirt-new-year-683x1024.jpg 683w, https:\/\/romexstays.com\/wp-content\/uploads\/2024\/02\/Hotel-Jakobwirt-new-year-768x1152.jpg 768w, https:\/\/romexstays.com\/wp-content\/uploads\/2024\/02\/Hotel-Jakobwirt-new-year-1365x2048.jpg 1365w, https:\/\/romexstays.com\/wp-content\/uploads\/2024\/02\/Hotel-Jakobwirt-new-year-scaled.jpg 1707w\" sizes=\"(max-width: 1024px) 100vw, 1024px\" \/><\/div><\/a>\n\t\t\t\t<div class=\"elementor-post__text\">\n\t\t\t\t<h3 class=\"elementor-post__title\">\n\t\t\t<a href=\"https:\/\/romexstays.com\/de\/events\/silvesterfeier-im-jakobwirt\/\" >\n\t\t\t\tSilvesterfeier im Jakobwirt\t\t\t<\/a>\n\t\t<\/h3>\n\t\t\t\t<div class=\"elementor-post__excerpt\">\n\t\t\t<p>Feiern Sie den \u00dcbergang ins neue Jahr stilvoll im Hotel Jakobwirt. Genie\u00dfen Sie einen funkelnden Abend mit Live-Musik, k\u00f6stlichem Essen und festlichen Getr\u00e4nken, w\u00e4hrend Sie gemeinsam mit Freunden, Familie oder Ihrem Partner das neue Jahr begr\u00fc\u00df<\/p>\n\t\t<\/div>\n\t\t\n\t\t<a class=\"elementor-post__read-more\" href=\"https:\/\/romexstays.com\/de\/events\/silvesterfeier-im-jakobwirt\/\" aria-label=\"Mehr \u00fcber Silvesterfeier im Jakobwirt\" tabindex=\"-1\" >\n\t\t\tRead more\t\t<\/a>\n\n\t\t\t\t<\/div>\n\t\t\t\t<div class=\"elementor-post__meta-data\">\n\t\t\t\t\t<span class=\"elementor-post-date\">\n\t\t\t22. November 2025\t\t<\/span>\n\t\t\t\t<\/div>\n\t\t\t\t\t<\/div>\n\t\t<\/article>\n\t\t\t\t<article class=\"elementor-post elementor-grid-item post-3230 events type-events status-publish has-post-thumbnail hentry\" role=\"listitem\">\n\t\t\t<div class=\"elementor-post__card\">\n\t\t\t\t<a class=\"elementor-post__thumbnail__link\" href=\"https:\/\/romexstays.com\/de\/events\/feiern-sie-weihnachten-im-restaurant-jakob\/\" tabindex=\"-1\" ><div class=\"elementor-post__thumbnail\"><img decoding=\"async\" width=\"1024\" height=\"1536\" src=\"https:\/\/romexstays.com\/wp-content\/uploads\/2025\/11\/Hotel-Jakobwirt-Christmas-1024x1536.jpg\" class=\"attachment-1536x1536 size-1536x1536 wp-image-3228\" alt=\"\" srcset=\"https:\/\/romexstays.com\/wp-content\/uploads\/2025\/11\/Hotel-Jakobwirt-Christmas-1024x1536.jpg 1024w, https:\/\/romexstays.com\/wp-content\/uploads\/2025\/11\/Hotel-Jakobwirt-Christmas-200x300.jpg 200w, https:\/\/romexstays.com\/wp-content\/uploads\/2025\/11\/Hotel-Jakobwirt-Christmas-683x1024.jpg 683w, https:\/\/romexstays.com\/wp-content\/uploads\/2025\/11\/Hotel-Jakobwirt-Christmas-768x1152.jpg 768w, https:\/\/romexstays.com\/wp-content\/uploads\/2025\/11\/Hotel-Jakobwirt-Christmas-1366x2048.jpg 1366w, https:\/\/romexstays.com\/wp-content\/uploads\/2025\/11\/Hotel-Jakobwirt-Christmas-scaled.jpg 1707w\" sizes=\"(max-width: 1024px) 100vw, 1024px\" \/><\/div><\/a>\n\t\t\t\t<div class=\"elementor-post__text\">\n\t\t\t\t<h3 class=\"elementor-post__title\">\n\t\t\t<a href=\"https:\/\/romexstays.com\/de\/events\/feiern-sie-weihnachten-im-restaurant-jakob\/\" >\n\t\t\t\tFeiern Sie Weihnachten im Restaurant JAKOB\t\t\t<\/a>\n\t\t<\/h3>\n\t\t\t\t<div class=\"elementor-post__excerpt\">\n\t\t\t<p>Genie\u00dfen Sie ein stimmungsvolles Weihnachtsdinner im stilvollen Restaurant JAKOB. Lassen Sie sich von einem sorgf\u00e4ltig zusammengestellten 4-G\u00e4nge-Men\u00fc f\u00fcr 37,50 \u20ac pro Person verw\u00f6hnen, mit k\u00f6stlichen saisonalen Gerichten, die die Feiertage besonders machen. Abgerundet wird Ihr Dinner von einer hervorragenden Auswahl an Weinen. Reservieren Sie rechtzeitig und erleben Sie ein unvergessliches kulinarisches Weihnachten.<\/p>\n\t\t<\/div>\n\t\t\n\t\t<a class=\"elementor-post__read-more\" href=\"https:\/\/romexstays.com\/de\/events\/feiern-sie-weihnachten-im-restaurant-jakob\/\" aria-label=\"Mehr \u00fcber Feiern Sie Weihnachten im Restaurant JAKOB\" tabindex=\"-1\" >\n\t\t\tRead more\t\t<\/a>\n\n\t\t\t\t<\/div>\n\t\t\t\t<div class=\"elementor-post__meta-data\">\n\t\t\t\t\t<span class=\"elementor-post-date\">\n\t\t\t20. November 2025\t\t<\/span>\n\t\t\t\t<\/div>\n\t\t\t\t\t<\/div>\n\t\t<\/article>\n\t\t\t\t<article class=\"elementor-post elementor-grid-item post-3245 events type-events status-publish has-post-thumbnail hentry\" role=\"listitem\">\n\t\t\t<div class=\"elementor-post__card\">\n\t\t\t\t<a class=\"elementor-post__thumbnail__link\" href=\"https:\/\/romexstays.com\/de\/events\/erleben-sie-einen-abend-voller-tiroler-gemuetlichkeit-bei-glennies-westendorf\/\" tabindex=\"-1\" ><div class=\"elementor-post__thumbnail\"><img decoding=\"async\" width=\"1024\" height=\"1536\" src=\"https:\/\/romexstays.com\/wp-content\/uploads\/2025\/11\/Tiroler-Patrick-1024x1536.jpeg\" class=\"attachment-1536x1536 size-1536x1536 wp-image-3243\" alt=\"\" srcset=\"https:\/\/romexstays.com\/wp-content\/uploads\/2025\/11\/Tiroler-Patrick-1024x1536.jpeg 1024w, https:\/\/romexstays.com\/wp-content\/uploads\/2025\/11\/Tiroler-Patrick-200x300.jpeg 200w, https:\/\/romexstays.com\/wp-content\/uploads\/2025\/11\/Tiroler-Patrick-683x1024.jpeg 683w, https:\/\/romexstays.com\/wp-content\/uploads\/2025\/11\/Tiroler-Patrick-768x1152.jpeg 768w, https:\/\/romexstays.com\/wp-content\/uploads\/2025\/11\/Tiroler-Patrick-1365x2048.jpeg 1365w, https:\/\/romexstays.com\/wp-content\/uploads\/2025\/11\/Tiroler-Patrick-scaled.jpeg 1707w\" sizes=\"(max-width: 1024px) 100vw, 1024px\" \/><\/div><\/a>\n\t\t\t\t<div class=\"elementor-post__text\">\n\t\t\t\t<h3 class=\"elementor-post__title\">\n\t\t\t<a href=\"https:\/\/romexstays.com\/de\/events\/erleben-sie-einen-abend-voller-tiroler-gemuetlichkeit-bei-glennies-westendorf\/\" >\n\t\t\t\tErleben Sie einen Abend voller Tiroler Gem\u00fctlichkeit bei Glennie\u2019s Westendorf\t\t\t<\/a>\n\t\t<\/h3>\n\t\t\t\t<div class=\"elementor-post__excerpt\">\n\t\t\t<p>Kommen Sie und genie\u00dfen Sie einen unvergesslichen Tiroler Abend im Restaurant Glennie\u2019s mit Live-Musik von S\u00e4nger Patrick. Lassen Sie sich von den k\u00f6stlichen Gerichten von Glennie\u2019s, der gem\u00fctlichen Atmosph\u00e4re und authentischen Tiroler Traditionen verzaubern \u2013 ein Abend voller Freude und Gemeinsamkeit.<\/p>\n\t\t<\/div>\n\t\t\n\t\t<a class=\"elementor-post__read-more\" href=\"https:\/\/romexstays.com\/de\/events\/erleben-sie-einen-abend-voller-tiroler-gemuetlichkeit-bei-glennies-westendorf\/\" aria-label=\"Mehr \u00fcber Erleben Sie einen Abend voller Tiroler Gem\u00fctlichkeit bei Glennie\u2019s Westendorf\" tabindex=\"-1\" >\n\t\t\tRead more\t\t<\/a>\n\n\t\t\t\t<\/div>\n\t\t\t\t<div class=\"elementor-post__meta-data\">\n\t\t\t\t\t<span class=\"elementor-post-date\">\n\t\t\t18. November 2025\t\t<\/span>\n\t\t\t\t<\/div>\n\t\t\t\t\t<\/div>\n\t\t<\/article>\n\t\t\t\t<\/div>\n\t\t\n\t\t\t\t\t\t<\/div>\n\t\t\t\t<\/div>\n\t\t\t\t\t<\/div>\n\t\t\t\t<\/div>\n\t\t\t\t<\/div>\n\t\t","protected":false},"excerpt":{"rendered":"<p>Events<\/p>\n","protected":false},"author":1,"featured_media":0,"parent":0,"menu_order":0,"comment_status":"closed","ping_status":"closed","template":"","meta":{"_acf_changed":false,"inline_featured_image":false,"site-sidebar-layout":"no-sidebar","site-content-layout":"","ast-site-content-layout":"full-width-container","site-content-style":"default","site-sidebar-style":"default","ast-global-header-display":"","ast-banner-title-visibility":"","ast-main-header-display":"","ast-hfb-above-header-display":"","ast-hfb-below-header-display":"","ast-hfb-mobile-header-display":"","site-post-title":"","ast-breadcrumbs-content":"","ast-featured-img":"disabled","footer-sml-layout":"","ast-disable-related-posts":"","theme-transparent-header-meta":"","adv-header-id-meta":"","stick-header-meta":"","header-above-stick-meta":"","header-main-stick-meta":"","header-below-stick-meta":"","astra-migrate-meta-layouts":"default","ast-page-background-enabled":"default","ast-page-background-meta":{"desktop":{"background-color":"var(--ast-global-color-5)","background-image":"","background-repeat":"repeat","background-position":"center center","background-size":"auto","background-attachment":"scroll","background-type":"","background-media":"","overlay-type":"","overlay-color":"","overlay-opacity":"","overlay-gradient":""},"tablet":{"background-color":"","background-image":"","background-repeat":"repeat","background-position":"center center","background-size":"auto","background-attachment":"scroll","background-type":"","background-media":"","overlay-type":"","overlay-color":"","overlay-opacity":"","overlay-gradient":""},"mobile":{"background-color":"","background-image":"","background-repeat":"repeat","background-position":"center center","background-size":"auto","background-attachment":"scroll","background-type":"","background-media":"","overlay-type":"","overlay-color":"","overlay-opacity":"","overlay-gradient":""}},"ast-content-background-meta":{"desktop":{"background-color":"var(--ast-global-color-4)","background-image":"","background-repeat":"repeat","background-position":"center center","background-size":"auto","background-attachment":"scroll","background-type":"","background-media":"","overlay-type":"","overlay-color":"","overlay-opacity":"","overlay-gradient":""},"tablet":{"background-color":"var(--ast-global-color-4)","background-image":"","background-repeat":"repeat","background-position":"center center","background-size":"auto","background-attachment":"scroll","background-type":"","background-media":"","overlay-type":"","overlay-color":"","overlay-opacity":"","overlay-gradient":""},"mobile":{"background-color":"var(--ast-global-color-4)","background-image":"","background-repeat":"repeat","background-position":"center center","background-size":"auto","background-attachment":"scroll","background-type":"","background-media":"","overlay-type":"","overlay-color":"","overlay-opacity":"","overlay-gradient":""}},"footnotes":""},"class_list":["post-3333","page","type-page","status-publish","hentry"],"acf":[],"yoast_head":"<!-- This site is optimized with the Yoast SEO plugin v27.3 - https:\/\/yoast.com\/product\/yoast-seo-wordpress\/ -->\n<title>Events - Romex Stays<\/title>\n<meta name=\"robots\" content=\"index, follow, max-snippet:-1, max-image-preview:large, max-video-preview:-1\" \/>\n<link rel=\"canonical\" href=\"https:\/\/romexstays.com\/de\/events\/\" \/>\n<meta property=\"og:locale\" content=\"de_DE\" \/>\n<meta property=\"og:type\" content=\"article\" \/>\n<meta property=\"og:title\" content=\"Events - Romex Stays\" \/>\n<meta property=\"og:description\" content=\"Events\" \/>\n<meta property=\"og:url\" content=\"https:\/\/romexstays.com\/de\/events\/\" \/>\n<meta property=\"og:site_name\" content=\"Romex Stays\" \/>\n<meta property=\"article:modified_time\" content=\"2026-02-03T13:50:41+00:00\" \/>\n<meta name=\"twitter:card\" content=\"summary_large_image\" \/>\n<script type=\"application\/ld+json\" class=\"yoast-schema-graph\">{\"@context\":\"https:\\\/\\\/schema.org\",\"@graph\":[{\"@type\":\"WebPage\",\"@id\":\"https:\\\/\\\/romexstays.com\\\/de\\\/events\\\/\",\"url\":\"https:\\\/\\\/romexstays.com\\\/de\\\/events\\\/\",\"name\":\"Events - Romex Stays\",\"isPartOf\":{\"@id\":\"https:\\\/\\\/romexstays.com\\\/de\\\/#website\"},\"datePublished\":\"2025-11-11T12:10:47+00:00\",\"dateModified\":\"2026-02-03T13:50:41+00:00\",\"breadcrumb\":{\"@id\":\"https:\\\/\\\/romexstays.com\\\/de\\\/events\\\/#breadcrumb\"},\"inLanguage\":\"de\",\"potentialAction\":[{\"@type\":\"ReadAction\",\"target\":[\"https:\\\/\\\/romexstays.com\\\/de\\\/events\\\/\"]}]},{\"@type\":\"BreadcrumbList\",\"@id\":\"https:\\\/\\\/romexstays.com\\\/de\\\/events\\\/#breadcrumb\",\"itemListElement\":[{\"@type\":\"ListItem\",\"position\":1,\"name\":\"Home\",\"item\":\"https:\\\/\\\/romexstays.com\\\/de\\\/\"},{\"@type\":\"ListItem\",\"position\":2,\"name\":\"Events\"}]},{\"@type\":\"WebSite\",\"@id\":\"https:\\\/\\\/romexstays.com\\\/de\\\/#website\",\"url\":\"https:\\\/\\\/romexstays.com\\\/de\\\/\",\"name\":\"Romex Stays\",\"description\":\"\",\"publisher\":{\"@id\":\"https:\\\/\\\/romexstays.com\\\/de\\\/#organization\"},\"potentialAction\":[{\"@type\":\"SearchAction\",\"target\":{\"@type\":\"EntryPoint\",\"urlTemplate\":\"https:\\\/\\\/romexstays.com\\\/de\\\/?s={search_term_string}\"},\"query-input\":{\"@type\":\"PropertyValueSpecification\",\"valueRequired\":true,\"valueName\":\"search_term_string\"}}],\"inLanguage\":\"de\"},{\"@type\":\"Organization\",\"@id\":\"https:\\\/\\\/romexstays.com\\\/de\\\/#organization\",\"name\":\"Romex Stays\",\"url\":\"https:\\\/\\\/romexstays.com\\\/de\\\/\",\"logo\":{\"@type\":\"ImageObject\",\"inLanguage\":\"de\",\"@id\":\"https:\\\/\\\/romexstays.com\\\/de\\\/#\\\/schema\\\/logo\\\/image\\\/\",\"url\":\"https:\\\/\\\/romexstays.com\\\/wp-content\\\/uploads\\\/2025\\\/11\\\/logo.svg\",\"contentUrl\":\"https:\\\/\\\/romexstays.com\\\/wp-content\\\/uploads\\\/2025\\\/11\\\/logo.svg\",\"width\":128,\"height\":56,\"caption\":\"Romex Stays\"},\"image\":{\"@id\":\"https:\\\/\\\/romexstays.com\\\/de\\\/#\\\/schema\\\/logo\\\/image\\\/\"}}]}<\/script>\n<!-- \/ Yoast SEO plugin. -->","yoast_head_json":{"title":"Events - Romex Stays","robots":{"index":"index","follow":"follow","max-snippet":"max-snippet:-1","max-image-preview":"max-image-preview:large","max-video-preview":"max-video-preview:-1"},"canonical":"https:\/\/romexstays.com\/de\/events\/","og_locale":"de_DE","og_type":"article","og_title":"Events - Romex Stays","og_description":"Events","og_url":"https:\/\/romexstays.com\/de\/events\/","og_site_name":"Romex Stays","article_modified_time":"2026-02-03T13:50:41+00:00","twitter_card":"summary_large_image","schema":{"@context":"https:\/\/schema.org","@graph":[{"@type":"WebPage","@id":"https:\/\/romexstays.com\/de\/events\/","url":"https:\/\/romexstays.com\/de\/events\/","name":"Events - Romex Stays","isPartOf":{"@id":"https:\/\/romexstays.com\/de\/#website"},"datePublished":"2025-11-11T12:10:47+00:00","dateModified":"2026-02-03T13:50:41+00:00","breadcrumb":{"@id":"https:\/\/romexstays.com\/de\/events\/#breadcrumb"},"inLanguage":"de","potentialAction":[{"@type":"ReadAction","target":["https:\/\/romexstays.com\/de\/events\/"]}]},{"@type":"BreadcrumbList","@id":"https:\/\/romexstays.com\/de\/events\/#breadcrumb","itemListElement":[{"@type":"ListItem","position":1,"name":"Home","item":"https:\/\/romexstays.com\/de\/"},{"@type":"ListItem","position":2,"name":"Events"}]},{"@type":"WebSite","@id":"https:\/\/romexstays.com\/de\/#website","url":"https:\/\/romexstays.com\/de\/","name":"Romex Stays","description":"","publisher":{"@id":"https:\/\/romexstays.com\/de\/#organization"},"potentialAction":[{"@type":"SearchAction","target":{"@type":"EntryPoint","urlTemplate":"https:\/\/romexstays.com\/de\/?s={search_term_string}"},"query-input":{"@type":"PropertyValueSpecification","valueRequired":true,"valueName":"search_term_string"}}],"inLanguage":"de"},{"@type":"Organization","@id":"https:\/\/romexstays.com\/de\/#organization","name":"Romex Stays","url":"https:\/\/romexstays.com\/de\/","logo":{"@type":"ImageObject","inLanguage":"de","@id":"https:\/\/romexstays.com\/de\/#\/schema\/logo\/image\/","url":"https:\/\/romexstays.com\/wp-content\/uploads\/2025\/11\/logo.svg","contentUrl":"https:\/\/romexstays.com\/wp-content\/uploads\/2025\/11\/logo.svg","width":128,"height":56,"caption":"Romex Stays"},"image":{"@id":"https:\/\/romexstays.com\/de\/#\/schema\/logo\/image\/"}}]}},"_links":{"self":[{"href":"https:\/\/romexstays.com\/de\/wp-json\/wp\/v2\/pages\/3333","targetHints":{"allow":["GET"]}}],"collection":[{"href":"https:\/\/romexstays.com\/de\/wp-json\/wp\/v2\/pages"}],"about":[{"href":"https:\/\/romexstays.com\/de\/wp-json\/wp\/v2\/types\/page"}],"author":[{"embeddable":true,"href":"https:\/\/romexstays.com\/de\/wp-json\/wp\/v2\/users\/1"}],"replies":[{"embeddable":true,"href":"https:\/\/romexstays.com\/de\/wp-json\/wp\/v2\/comments?post=3333"}],"version-history":[{"count":1,"href":"https:\/\/romexstays.com\/de\/wp-json\/wp\/v2\/pages\/3333\/revisions"}],"predecessor-version":[{"id":5316,"href":"https:\/\/romexstays.com\/de\/wp-json\/wp\/v2\/pages\/3333\/revisions\/5316"}],"wp:attachment":[{"href":"https:\/\/romexstays.com\/de\/wp-json\/wp\/v2\/media?parent=3333"}],"curies":[{"name":"wp","href":"https:\/\/api.w.org\/{rel}","templated":true}]}}